{"id":21,"date":"2024-01-18T00:05:47","date_gmt":"2024-01-17T23:05:47","guid":{"rendered":"https:\/\/multiplicandote.com\/?page_id=21"},"modified":"2024-02-17T12:32:28","modified_gmt":"2024-02-17T11:32:28","slug":"prueba","status":"publish","type":"page","link":"https:\/\/multiplicandote.com\/","title":{"rendered":"MULTIPLICA TU SALARIO"},"content":{"rendered":"\n<p><strong>Descubre el Secreto para Impulsar tu Carrera en el Sector Tecnol\u00f3gico<\/strong><\/p>\n\n\n\n<p>Bienvenido a \u00abMultiplica tu Salario en el Mundo Tech\u00bb, un libro innovador que te abre las puertas al emocionante mundo de las oportunidades profesionales en el sector tecnol\u00f3gico. <\/p>\n\n\n\n<blockquote class=\"wp-block-quote\">\n<p>\u00abPas\u00e9 de ganar 36 mil euros al a\u00f1o a romper la barrera de los 100 mil \u00absimplemente\u00bb cambiando de empresa, multiplicando mi salario m\u00e1s de un 300%.<\/p>\n\n\n\n<p>No fue un camino de rosas, pero he condensado en este libro todo mi conocimiento para que sea mucho m\u00e1s f\u00e1cil para ti.<\/p>\n\n\n\n<p>Este libro no es solo una gu\u00eda; es tu pasaporte a una carrera m\u00e1s gratificante y lucrativa.\u00bb<\/p>\n<\/blockquote>\n\n\n\n<div class=\"wp-block-buttons is-content-justification-center is-layout-flex wp-container-core-buttons-layout-1 wp-block-buttons-is-layout-flex\">\n<div class=\"wp-block-button is-style-outline\"><a class=\"wp-block-button__link has-text-align-center wp-element-button\" href=\"https:\/\/www.amazon.es\/dp\/B0CVFBPFHY\">COMPRAR EL LIBRO EN AMAZON<\/a><\/div>\n<\/div>\n\n\n\n<p><strong>\u00bfQu\u00e9 encontrar\u00e1s en este Libro?<\/strong><\/p>\n\n\n\n<ul>\n<li><strong>Secretos Revelados:<\/strong> Descubre las estrategias y t\u00e1cticas que los profesionales del sector tecnol\u00f3gico raramente comparten sobre c\u00f3mo ascender en esta industria en constante evoluci\u00f3n.<\/li>\n\n\n\n<li><strong>Gu\u00edas Pr\u00e1cticas:<\/strong> Paso a paso, te mostramos c\u00f3mo prepararte para las entrevistas, c\u00f3mo negociar tu salario y c\u00f3mo destacarte entre la multitud.<\/li>\n\n\n\n<li><strong>Consejos de Expertos:<\/strong> Consejos y trucos de insiders de la industria, ofreci\u00e9ndote una perspectiva \u00fanica sobre qu\u00e9 buscan realmente las empresas tecnol\u00f3gicas globales en sus futuros empleados.<\/li>\n\n\n\n<li><strong>Estrategias Accesibles:<\/strong> Independientemente de tu experiencia actual, este libro te proporciona un enfoque pr\u00e1ctico y realista para alcanzar tus objetivos profesionales y salariales en el sector tecnol\u00f3gico.<\/li>\n<\/ul>\n\n\n\n<p><strong>\u00bfPara qui\u00e9n es este libro?<\/strong><\/p>\n\n\n\n<p>\u00abMultiplica tu Salario en el Mundo Tech\u00bb es para cualquier persona que aspire a trabajar en el sector tecnol\u00f3gico, desde reci\u00e9n graduados hasta profesionales experimentados que buscan un cambio. Si est\u00e1s listo para dar el pr\u00f3ximo gran salto en tu carrera y multiplicar tus ingresos, este libro es para ti.<\/p>\n\n\n\n<div class=\"wp-block-buttons is-content-justification-center is-layout-flex wp-container-core-buttons-layout-2 wp-block-buttons-is-layout-flex\">\n<div class=\"wp-block-button is-style-outline\"><a class=\"wp-block-button__link has-text-align-center wp-element-button\" href=\"https:\/\/www.amazon.es\/dp\/B0CVFBPFHY\">COMPRAR EL LIBRO EN AMAZON<\/a><\/div>\n<\/div>\n\n\n\n<p><strong>\u00bfPara qui\u00e9n NO es este libro?<\/strong><\/p>\n\n\n\n<p>Mientras \u00abMultiplica tu Salario en el Mundo Tech\u00bb es una gu\u00eda valiosa para aquellos que buscan crecer profesionalmente en el sector tecnol\u00f3gico, es importante destacar para qui\u00e9n <strong>no<\/strong> est\u00e1 dise\u00f1ado este libro:<\/p>\n\n\n\n<ul>\n<li><strong>No es para Buscadores de Riqueza R\u00e1pida:<\/strong> Si est\u00e1s buscando f\u00f3rmulas m\u00e1gicas para hacerte rico de la noche a la ma\u00f1ana, este libro no es para ti. Aqu\u00ed nos centramos en el crecimiento profesional sostenible y en el aumento de ingresos a trav\u00e9s de una carrera bien construida.<\/li>\n\n\n\n<li><strong>No es para Aficionados a las Criptomonedas y a los Ingresos Pasivos:<\/strong> Este libro no trata sobre inversi\u00f3n en criptomonedas, ingresos pasivos o \u00abside hustles\u00bb. Nuestro enfoque es fortalecer y avanzar en tu carrera principal, enfoc\u00e1ndonos en ingresos activos y desarrollo profesional.<\/li>\n\n\n\n<li><strong>No es una Gu\u00eda de Especulaci\u00f3n Financiera:<\/strong> Aqu\u00ed no encontrar\u00e1s consejos sobre c\u00f3mo jugar en el mercado de valores o invertir en esquemas de enriquecimiento r\u00e1pido. Nuestra meta es proporcionar una ruta realista y pr\u00e1ctica para el \u00e9xito en el mundo tecnol\u00f3gico.<\/li>\n<\/ul>\n\n\n\n<p><strong>Tu Futuro en la industria Tech comienza aqu\u00ed<\/strong>: <\/p>\n\n\n\n<p>Con historias reales, ejemplos pr\u00e1cticos y una gu\u00eda detallada, estamos aqu\u00ed para ayudarte a navegar y conquistar el mundo tecnol\u00f3gico. Prep\u00e1rate para transformar no solo tu salario, sino tambi\u00e9n tu trayectoria profesional.<\/p>\n\n\n\n<p>\u00bfListo para dar el salto? \u00abMultiplica tu Salario en el Mundo Tech\u00bb es tu primer paso hacia un futuro m\u00e1s brillante y exitoso en el sector tecnol\u00f3gico. <\/p>\n\n\n\n<h2 class=\"wp-block-heading\">\u00a1YA A LA VENTA EN AMAZON!<\/h2>\n\n\n\n<div class=\"wp-block-buttons is-content-justification-center is-layout-flex wp-container-core-buttons-layout-3 wp-block-buttons-is-layout-flex\">\n<div class=\"wp-block-button is-style-outline\">\n  <a class=\"wp-block-button__link has-text-align-center wp-element-button\" \n     href=\"https:\/\/www.amazon.es\/dp\/B0CVFBPFHY\" \n     onclick=\"return gtag_report_conversion('https:\/\/www.amazon.es\/dp\/B0CVFBPFHY');\">\n    COMPRAR EL LIBRO EN AMAZON\n  <\/a>\n<\/div>\n\n<\/div>\n\n\n\n<figure class=\"wp-block-image size-large\"><a href=\"https:\/\/www.amazon.es\/dp\/B0CVFBPFHY\"><img loading=\"lazy\" decoding=\"async\" width=\"663\" height=\"1024\" src=\"https:\/\/multiplicandote.com\/wp-content\/uploads\/2024\/02\/MULTIPLICA-TU-SALARIO-EN-EL-MUNDO-TECH-Folleto-663x1024.png\" alt=\"\" class=\"wp-image-79\" srcset=\"https:\/\/multiplicandote.com\/wp-content\/uploads\/2024\/02\/MULTIPLICA-TU-SALARIO-EN-EL-MUNDO-TECH-Folleto-663x1024.png 663w, https:\/\/multiplicandote.com\/wp-content\/uploads\/2024\/02\/MULTIPLICA-TU-SALARIO-EN-EL-MUNDO-TECH-Folleto-194x300.png 194w, https:\/\/multiplicandote.com\/wp-content\/uploads\/2024\/02\/MULTIPLICA-TU-SALARIO-EN-EL-MUNDO-TECH-Folleto-768x1187.png 768w, https:\/\/multiplicandote.com\/wp-content\/uploads\/2024\/02\/MULTIPLICA-TU-SALARIO-EN-EL-MUNDO-TECH-Folleto-994x1536.png 994w, https:\/\/multiplicandote.com\/wp-content\/uploads\/2024\/02\/MULTIPLICA-TU-SALARIO-EN-EL-MUNDO-TECH-Folleto.png 1294w\" sizes=\"(max-width: 663px) 100vw, 663px\" \/><\/a><\/figure>\n\n\n\n<blockquote class=\"wp-block-quote\">\n<p class=\"has-text-align-center\">\u00bfDudas? \u00bfPreguntas? \u00bfSugerencias? \u00bfAyuda?<\/p>\n\n\n\n<p class=\"has-text-align-center\"><strong>contacto@multiplicandote.com<\/strong><\/p>\n\n\n\n<p class=\"has-text-align-center\">o rellena el formulario abajo.<\/p>\n<\/blockquote>\n\n\n\n<div class=\"wp-block-group has-global-padding is-layout-constrained wp-block-group-is-layout-constrained\"><\/div>\n\n\n<style id=\"wpforms-css-vars-root\">\n\t\t\t\t:root {\n\t\t\t\t\t--wpforms-field-border-radius: 3px;\n--wpforms-field-background-color: #ffffff;\n--wpforms-field-border-color: rgba( 0, 0, 0, 0.25 );\n--wpforms-field-text-color: rgba( 0, 0, 0, 0.7 );\n--wpforms-label-color: rgba( 0, 0, 0, 0.85 );\n--wpforms-label-sublabel-color: rgba( 0, 0, 0, 0.55 );\n--wpforms-label-error-color: #d63637;\n--wpforms-button-border-radius: 3px;\n--wpforms-button-background-color: #066aab;\n--wpforms-button-text-color: #ffffff;\n--wpforms-field-size-input-height: 43px;\n--wpforms-field-size-input-spacing: 15px;\n--wpforms-field-size-font-size: 16px;\n--wpforms-field-size-line-height: 19px;\n--wpforms-field-size-padding-h: 14px;\n--wpforms-field-size-checkbox-size: 16px;\n--wpforms-field-size-sublabel-spacing: 5px;\n--wpforms-field-size-icon-size: 1;\n--wpforms-label-size-font-size: 16px;\n--wpforms-label-size-line-height: 19px;\n--wpforms-label-size-sublabel-font-size: 14px;\n--wpforms-label-size-sublabel-line-height: 17px;\n--wpforms-button-size-font-size: 17px;\n--wpforms-button-size-height: 41px;\n--wpforms-button-size-padding-h: 15px;\n--wpforms-button-size-margin-top: 10px;\n\n\t\t\t\t}\n\t\t\t<\/style><div class=\"wpforms-container wpforms-container-full wpforms-block wpforms-block-00ece1f4-c058-4fde-bfb2-8dfe3eaf693f wpforms-render-modern\" id=\"wpforms-70\"><form id=\"wpforms-form-70\" class=\"wpforms-validate wpforms-form wpforms-ajax-form\" data-formid=\"70\" method=\"post\" enctype=\"multipart\/form-data\" action=\"\/index.php\/wp-json\/wp\/v2\/pages\/21\" data-token=\"9802d38dcd2f1e24fd9cad1ceb0de715\"><noscript class=\"wpforms-error-noscript\">Por favor, activa JavaScript en tu navegador para completar este formulario.<\/noscript><div class=\"wpforms-hidden\" id=\"wpforms-error-noscript\">Por favor, activa JavaScript en tu navegador para completar este formulario.<\/div><div class=\"wpforms-field-container\"><div id=\"wpforms-70-field_1-container\" class=\"wpforms-field wpforms-field-name\" data-field-id=\"1\"><label class=\"wpforms-field-label\" for=\"wpforms-70-field_1\">Nombre Completo <span class=\"wpforms-required-label\" aria-hidden=\"true\">*<\/span><\/label><input type=\"text\" id=\"wpforms-70-field_1\" class=\"wpforms-field-medium wpforms-field-required\" name=\"wpforms[fields][1]\" aria-errormessage=\"wpforms-70-field_1-error\" aria-describedby=\"wpforms-70-field_1-description\" required><div id=\"wpforms-70-field_1-description\" class=\"wpforms-field-description\">Introduce aqu\u00ed tu nombre<\/div><\/div><div id=\"wpforms-70-field_2-container\" class=\"wpforms-field wpforms-field-email\" data-field-id=\"2\"><label class=\"wpforms-field-label\" for=\"wpforms-70-field_2\">Correo Electr\u00f3nico <span class=\"wpforms-required-label\" aria-hidden=\"true\">*<\/span><\/label><input type=\"email\" id=\"wpforms-70-field_2\" class=\"wpforms-field-medium wpforms-field-required\" name=\"wpforms[fields][2]\" spellcheck=\"false\" aria-errormessage=\"wpforms-70-field_2-error\" aria-describedby=\"wpforms-70-field_2-description\" required><div id=\"wpforms-70-field_2-description\" class=\"wpforms-field-description\">Introduce aqu\u00ed tu correo electr\u00f3nico<\/div><\/div><div id=\"wpforms-70-field_3-container\" class=\"wpforms-field wpforms-field-textarea\" data-field-id=\"3\"><label class=\"wpforms-field-label\" for=\"wpforms-70-field_3\">Consulta <span class=\"wpforms-required-label\" aria-hidden=\"true\">*<\/span><\/label><textarea id=\"wpforms-70-field_3\" class=\"wpforms-field-medium wpforms-field-required\" name=\"wpforms[fields][3]\" aria-errormessage=\"wpforms-70-field_3-error\" aria-describedby=\"wpforms-70-field_3-description\" required><\/textarea><div id=\"wpforms-70-field_3-description\" class=\"wpforms-field-description\">Introduce aqu\u00ed tu consulta<\/div><\/div><\/div><!-- .wpforms-field-container --><div class=\"wpforms-submit-container\" ><input type=\"hidden\" name=\"wpforms[id]\" value=\"70\"><input type=\"hidden\" name=\"wpforms[author]\" value=\"1\"><button type=\"submit\" name=\"wpforms[submit]\" id=\"wpforms-submit-70\" class=\"wpforms-submit\" data-alt-text=\"Enviando...\" data-submit-text=\"Enviar\" aria-live=\"assertive\" value=\"wpforms-submit\">Enviar<\/button><img loading=\"lazy\" decoding=\"async\" src=\"https:\/\/multiplicandote.com\/wp-content\/plugins\/wpforms-lite\/assets\/images\/submit-spin.svg\" class=\"wpforms-submit-spinner\" style=\"display: none;\" width=\"26\" height=\"26\" alt=\"Cargando\"><\/div><\/form><\/div>  <!-- .wpforms-container -->\n\n\n<div class=\"wp-block-buttons is-content-justification-center is-layout-flex wp-container-core-buttons-layout-4 wp-block-buttons-is-layout-flex\">\n<div class=\"wp-block-button is-style-outline\"><a class=\"wp-block-button__link has-text-align-center wp-element-button\" href=\"https:\/\/www.amazon.es\/dp\/B0CVFBPFHY\">\u00a1MULTIPLICA TU SALARIO YA!<\/a><\/div>\n<\/div>\n\n\n\n<div class=\"wp-block-group has-background-color has-global-padding is-layout-constrained wp-block-group-is-layout-constrained\" style=\"margin-top:0;margin-bottom:0;padding-top:var(--wp--preset--spacing--40);padding-right:var(--wp--preset--spacing--30);padding-bottom:var(--wp--preset--spacing--40);padding-left:var(--wp--preset--spacing--30)\">\n<div class=\"wp-block-group alignwide is-content-justification-center is-layout-flex wp-container-core-group-layout-3 wp-block-group-is-layout-flex\">\n<div class=\"wp-block-group is-layout-flex wp-block-group-is-layout-flex\"><nav class=\"has-small-font-size is-responsive items-justified-left wp-block-navigation has-small-font-size is-content-justification-left is-layout-flex wp-container-core-navigation-layout-1 wp-block-navigation-is-layout-flex\" aria-label=\"Navegaci\u00f3n\" \n\t\t\tdata-wp-interactive\n\t\t\tdata-wp-context='{\"core\":{\"navigation\":{\"overlayOpenedBy\":[],\"type\":\"overlay\",\"roleAttribute\":\"\",\"ariaLabel\":\"Men\\u00fa\"}}}'\n\t\t><button aria-haspopup=\"true\" aria-label=\"Abrir el men\u00fa\" class=\"wp-block-navigation__responsive-container-open \" \n\t\t\tdata-wp-on--click=\"actions.core.navigation.openMenuOnClick\"\n\t\t\tdata-wp-on--keydown=\"actions.core.navigation.handleMenuKeydown\"\n\t\t><svg width=\"24\" height=\"24\" xmlns=\"http:\/\/www.w3.org\/2000\/svg\" viewBox=\"0 0 24 24\" aria-hidden=\"true\" focusable=\"false\"><rect x=\"4\" y=\"7.5\" width=\"16\" height=\"1.5\" \/><rect x=\"4\" y=\"15\" width=\"16\" height=\"1.5\" \/><\/svg><\/button>\n\t\t\t<div class=\"wp-block-navigation__responsive-container  \" style=\"\" id=\"modal-1\" \n\t\t\tdata-wp-class--has-modal-open=\"selectors.core.navigation.isMenuOpen\"\n\t\t\tdata-wp-class--is-menu-open=\"selectors.core.navigation.isMenuOpen\"\n\t\t\tdata-wp-effect=\"effects.core.navigation.initMenu\"\n\t\t\tdata-wp-on--keydown=\"actions.core.navigation.handleMenuKeydown\"\n\t\t\tdata-wp-on--focusout=\"actions.core.navigation.handleMenuFocusout\"\n\t\t\ttabindex=\"-1\"\n\t\t>\n\t\t\t\t<div class=\"wp-block-navigation__responsive-close\" tabindex=\"-1\">\n\t\t\t\t\t<div class=\"wp-block-navigation__responsive-dialog\" \n\t\t\tdata-wp-bind--aria-modal=\"selectors.core.navigation.ariaModal\"\n\t\t\tdata-wp-bind--aria-label=\"selectors.core.navigation.ariaLabel\"\n\t\t\tdata-wp-bind--role=\"selectors.core.navigation.roleAttribute\"\n\t\t\tdata-wp-effect=\"effects.core.navigation.focusFirstElement\"\n\t\t>\n\t\t\t\t\t\t\t<button aria-label=\"Cerrar el men\u00fa\" class=\"wp-block-navigation__responsive-container-close\" \n\t\t\tdata-wp-on--click=\"actions.core.navigation.closeMenuOnClick\"\n\t\t><svg xmlns=\"http:\/\/www.w3.org\/2000\/svg\" viewBox=\"0 0 24 24\" width=\"24\" height=\"24\" aria-hidden=\"true\" focusable=\"false\"><path d=\"M13 11.8l6.1-6.3-1-1-6.1 6.2-6.1-6.2-1 1 6.1 6.3-6.5 6.7 1 1 6.5-6.6 6.5 6.6 1-1z\"><\/path><\/svg><\/button>\n\t\t\t\t\t\t<div class=\"wp-block-navigation__responsive-container-content\" id=\"modal-1-content\">\n\t\t\t\t\t\t\t<ul class=\"has-small-font-size wp-block-page-list\"><li class=\"wp-block-pages-list__item wp-block-navigation-item open-on-hover-click\"><a class=\"wp-block-pages-list__item__link wp-block-navigation-item__content\" href=\"https:\/\/multiplicandote.com\/index.php\/faq\/\">FAQ<\/a><\/li><li class=\"wp-block-pages-list__item wp-block-navigation-item open-on-hover-click menu-item-home\"><a class=\"wp-block-pages-list__item__link wp-block-navigation-item__content\" href=\"https:\/\/multiplicandote.com\/\">MULTIPLICA TU SALARIO<\/a><\/li><\/ul>\n\t\t\t\t\t\t<\/div>\n\t\t\t\t\t<\/div>\n\t\t\t\t<\/div>\n\t\t\t<\/div><\/nav><\/div>\n<\/div>\n<\/div>\n\n\n\n<p><\/p>\n","protected":false},"excerpt":{"rendered":"<p>Descubre el Secreto para Impulsar tu Carrera en el Sector Tecnol\u00f3gico Bienvenido a \u00abMultiplica tu Salario en el Mundo Tech\u00bb, un libro innovador que te abre las puertas al emocionante mundo de las oportunidades profesionales en el sector tecnol\u00f3gico. \u00abPas\u00e9 de ganar 36 mil euros al a\u00f1o a romper la barrera de los 100 mil [&hellip;]<\/p>\n","protected":false},"author":1,"featured_media":0,"parent":0,"menu_order":0,"comment_status":"closed","ping_status":"closed","template":"","meta":{"footnotes":""},"_links":{"self":[{"href":"https:\/\/multiplicandote.com\/index.php\/wp-json\/wp\/v2\/pages\/21"}],"collection":[{"href":"https:\/\/multiplicandote.com\/index.php\/wp-json\/wp\/v2\/pages"}],"about":[{"href":"https:\/\/multiplicandote.com\/index.php\/wp-json\/wp\/v2\/types\/page"}],"author":[{"embeddable":true,"href":"https:\/\/multiplicandote.com\/index.php\/wp-json\/wp\/v2\/users\/1"}],"replies":[{"embeddable":true,"href":"https:\/\/multiplicandote.com\/index.php\/wp-json\/wp\/v2\/comments?post=21"}],"version-history":[{"count":41,"href":"https:\/\/multiplicandote.com\/index.php\/wp-json\/wp\/v2\/pages\/21\/revisions"}],"predecessor-version":[{"id":94,"href":"https:\/\/multiplicandote.com\/index.php\/wp-json\/wp\/v2\/pages\/21\/revisions\/94"}],"wp:attachment":[{"href":"https:\/\/multiplicandote.com\/index.php\/wp-json\/wp\/v2\/media?parent=21"}],"curies":[{"name":"wp","href":"https:\/\/api.w.org\/{rel}","templated":true}]}}